{"id":99,"date":"2020-11-08T16:40:44","date_gmt":"2020-11-08T15:40:44","guid":{"rendered":"https:\/\/praxisniehaus758606247.wordpress.com\/?page_id=99"},"modified":"2020-12-29T23:58:49","modified_gmt":"2020-12-29T22:58:49","slug":"konzept","status":"publish","type":"page","link":"https:\/\/praxis-niehaus.de\/?page_id=99","title":{"rendered":"Konzept"},"content":{"rendered":"\n<p>Bitte w\u00e4hlen Sie einen Unterpunkt aus.<\/p>\n\n\n\n<h4 class=\"wp-block-heading\"><a href=\"https:\/\/praxis-niehaus.de\/?page_id=376\" data-type=\"page\" data-id=\"376\">Kontaktaufnahme \/ \u00d6ffnungszeiten<\/a><\/h4>\n\n\n\n<p>Zur Kontaktaufnahme haben Sie folgende M\u00f6glichkeiten: &#8230;<\/p>\n\n\n\n<p><\/p>\n\n\n\n<h4 class=\"wp-block-heading\"><a href=\"https:\/\/praxis-niehaus.de\/?page_id=379\" data-type=\"page\" data-id=\"379\">Sprechstunde<\/a><\/h4>\n\n\n\n<p>Nach ersten erhobenen Informationen w\u00e4hrend des Telefonats wird ein Termin zur Sprechstunde vereinbart.&nbsp;<\/p>\n\n\n\n<p>Die Sprechstunde&#8230;<\/p>\n\n\n\n<p><\/p>\n\n\n\n<h4 class=\"wp-block-heading\"><a href=\"https:\/\/praxis-niehaus.de\/?page_id=382\" data-type=\"page\" data-id=\"382\">Erstgespr\u00e4ch \/ PROBATORIK<\/a><\/h4>\n\n\n\n<p>Nach ersten erhobenen Informationen w\u00e4hrend des Telefonats wird ein Termin zum Erstgespr\u00e4ch vereinbart.&nbsp;<\/p>\n\n\n\n<p>Das erste Treffen wird&#8230;<\/p>\n\n\n\n<p><\/p>\n\n\n\n<h4 class=\"wp-block-heading\"><a href=\"https:\/\/praxis-niehaus.de\/?page_id=384\" data-type=\"page\" data-id=\"384\">Therapie<\/a><\/h4>\n\n\n\n<p>In der heutigen Zeit gibt es viele unterschiedlichste Bezeichnungen und verschiedene Ans\u00e4tze in der Psychotherapie wie Verhaltenstherapie, Psychoanalyse, tiefenpsychologische Therapie, Gespr\u00e4chspsychotherapie,&#8230;<\/p>\n\n\n\n<p><\/p>\n\n\n\n<h4 class=\"wp-block-heading\"><a href=\"https:\/\/praxis-niehaus.de\/?page_id=414\" data-type=\"page\" data-id=\"414\">Abrechnung<\/a><\/h4>\n\n\n\n<p>Behandlungen in meiner Praxis sind m\u00f6glich f\u00fcr alle gesetzlichen und privaten Krankenkassenpatienten, Beihilfeberechtigten und Selbstzahler. &#8230;<\/p>\n","protected":false},"excerpt":{"rendered":"<p>Bitte w\u00e4hlen Sie einen Unterpunkt aus. Kontaktaufnahme \/ \u00d6ffnungszeiten Zur Kontaktaufnahme haben Sie folgende M\u00f6glichkeiten: &#8230; Sprechstunde Nach ersten erhobenen Informationen w\u00e4hrend des Telefonats wird ein Termin zur Sprechstunde vereinbart.&nbsp; Die Sprechstunde&#8230; Erstgespr\u00e4ch \/ PROBATORIK Nach ersten erhobenen Informationen w\u00e4hrend des Telefonats wird ein Termin zum Erstgespr\u00e4ch vereinbart.&nbsp; Das erste Treffen wird&#8230; Therapie In der&hellip;<\/p>\n","protected":false},"author":1,"featured_media":0,"parent":0,"menu_order":0,"comment_status":"closed","ping_status":"closed","template":"","meta":{"footnotes":""},"_links":{"self":[{"href":"https:\/\/praxis-niehaus.de\/index.php?rest_route=\/wp\/v2\/pages\/99"}],"collection":[{"href":"https:\/\/praxis-niehaus.de\/index.php?rest_route=\/wp\/v2\/pages"}],"about":[{"href":"https:\/\/praxis-niehaus.de\/index.php?rest_route=\/wp\/v2\/types\/page"}],"author":[{"embeddable":true,"href":"https:\/\/praxis-niehaus.de\/index.php?rest_route=\/wp\/v2\/users\/1"}],"replies":[{"embeddable":true,"href":"https:\/\/praxis-niehaus.de\/index.php?rest_route=%2Fwp%2Fv2%2Fcomments&post=99"}],"version-history":[{"count":1,"href":"https:\/\/praxis-niehaus.de\/index.php?rest_route=\/wp\/v2\/pages\/99\/revisions"}],"predecessor-version":[{"id":494,"href":"https:\/\/praxis-niehaus.de\/index.php?rest_route=\/wp\/v2\/pages\/99\/revisions\/494"}],"wp:attachment":[{"href":"https:\/\/praxis-niehaus.de\/index.php?rest_route=%2Fwp%2Fv2%2Fmedia&parent=99"}],"curies":[{"name":"wp","href":"https:\/\/api.w.org\/{rel}","templated":true}]}}