{"id":79,"date":"2020-11-08T16:01:15","date_gmt":"2020-11-08T15:01:15","guid":{"rendered":"https:\/\/praxisniehaus758606247.wordpress.com\/?page_id=79"},"modified":"2020-12-29T23:56:18","modified_gmt":"2020-12-29T22:56:18","slug":"behandlungsspektrum-test2","status":"publish","type":"page","link":"https:\/\/praxis-niehaus.de\/?page_id=79","title":{"rendered":"Behandlungsspektrum"},"content":{"rendered":"\n<p>Bitte w\u00e4hlen Sie einen Unterpunkt aus.<br><\/p>\n\n\n\n<h4 class=\"wp-block-heading\"><a href=\"https:\/\/praxis-niehaus.de\/?page_id=306\" data-type=\"page\" data-id=\"306\">Kinder- und Jugendlichen-Psychotherapie (als Angebot der privaten und gesetzlichen\u00a0Krankenkasse)<\/a><\/h4>\n\n\n\n<p>Ich arbeite mit Kindern und Jugendlichen im Alter von 3 bis 20 Jahren.&nbsp;<\/p>\n\n\n\n<p>Bei verschiedenen Problemen und St\u00f6rungen ist eine Psychotherapie sinnvoll, manchmal zus\u00e4tzlich zu einer medizinischen Behandlung. Hierzu&#8230;<\/p>\n\n\n\n<h4 class=\"wp-block-heading\"><a href=\"https:\/\/praxis-niehaus.de\/?page_id=312\" data-type=\"page\" data-id=\"312\">Elternberatung (als Angebot au\u00dferhalb der\u00a0Kassenleistung)<\/a><\/h4>\n\n\n\n<p>Unabh\u00e4ngig von einer psychischen St\u00f6rung beim Kind haben Eltern h\u00e4ufig psychologische oder p\u00e4dagogische Fragen, die die Erziehung und die Familie betreffen, wie der Umgang&#8230;<\/p>\n\n\n\n<h4 class=\"wp-block-heading\"><a href=\"https:\/\/praxis-niehaus.de\/?page_id=314\" data-type=\"page\" data-id=\"314\">Paar-\/Familienberatung (als Angebot au\u00dferhalb der\u00a0Kassenleistung)<\/a><\/h4>\n\n\n\n<p>Im Miteinanderleben ist immer wieder die Auseinandersetzung und gemeinsame Arbeit an der Beziehung notwendig. Dabei kann es hilfreich sein, sich professionelle Unterst\u00fctzung&#8230;<\/p>\n\n\n\n<h4 class=\"wp-block-heading\"><a href=\"https:\/\/praxis-niehaus.de\/?page_id=317\" data-type=\"page\" data-id=\"317\">Diagnostik (als Angebot au\u00dferhalb der\u00a0Kassenleistung)<\/a><\/h4>\n\n\n\n<p>Auch ohne psychische Auff\u00e4lligkeiten stellen sich Eltern immer wieder Fragen, wie z.B. zur Schullaufbahn, m\u00f6glicher Hochbegabung oder \u00dcberforderung des Kindes&#8230;<\/p>\n\n\n\n<h4 class=\"wp-block-heading\"><a href=\"https:\/\/praxis-niehaus.de\/?page_id=320\" data-type=\"page\" data-id=\"320\">Supervision (als Angebot au\u00dferhalb der\u00a0Kassenleistung)<\/a><\/h4>\n\n\n\n<p><strong>Supervision (als Angebot au\u00dferhalb der Kassenleistung)<\/strong>Sowohl f\u00fcr Einzelpersonen, psychotherapeutische Kollegen und Teams unterschiedlicher Berufsgruppen biete ich Supervision an. Diese Unterst\u00fctzung kann fallbezogen unter verhaltenstherapeutischer Sicht oder unter systemischen&#8230;<\/p>\n","protected":false},"excerpt":{"rendered":"<p>Bitte w\u00e4hlen Sie einen Unterpunkt aus. Kinder- und Jugendlichen-Psychotherapie (als Angebot der privaten und gesetzlichen\u00a0Krankenkasse) Ich arbeite mit Kindern und Jugendlichen im Alter von 3 bis 20 Jahren.&nbsp; Bei verschiedenen Problemen und St\u00f6rungen ist eine Psychotherapie sinnvoll, manchmal zus\u00e4tzlich zu einer medizinischen Behandlung. Hierzu&#8230; Elternberatung (als Angebot au\u00dferhalb der\u00a0Kassenleistung) Unabh\u00e4ngig von einer psychischen St\u00f6rung beim&hellip;<\/p>\n","protected":false},"author":1,"featured_media":0,"parent":0,"menu_order":0,"comment_status":"closed","ping_status":"closed","template":"","meta":{"footnotes":""},"_links":{"self":[{"href":"https:\/\/praxis-niehaus.de\/index.php?rest_route=\/wp\/v2\/pages\/79"}],"collection":[{"href":"https:\/\/praxis-niehaus.de\/index.php?rest_route=\/wp\/v2\/pages"}],"about":[{"href":"https:\/\/praxis-niehaus.de\/index.php?rest_route=\/wp\/v2\/types\/page"}],"author":[{"embeddable":true,"href":"https:\/\/praxis-niehaus.de\/index.php?rest_route=\/wp\/v2\/users\/1"}],"replies":[{"embeddable":true,"href":"https:\/\/praxis-niehaus.de\/index.php?rest_route=%2Fwp%2Fv2%2Fcomments&post=79"}],"version-history":[{"count":1,"href":"https:\/\/praxis-niehaus.de\/index.php?rest_route=\/wp\/v2\/pages\/79\/revisions"}],"predecessor-version":[{"id":492,"href":"https:\/\/praxis-niehaus.de\/index.php?rest_route=\/wp\/v2\/pages\/79\/revisions\/492"}],"wp:attachment":[{"href":"https:\/\/praxis-niehaus.de\/index.php?rest_route=%2Fwp%2Fv2%2Fmedia&parent=79"}],"curies":[{"name":"wp","href":"https:\/\/api.w.org\/{rel}","templated":true}]}}