{"id":397,"date":"2020-12-27T21:40:45","date_gmt":"2020-12-27T20:40:45","guid":{"rendered":"https:\/\/praxisniehaus758606247.wordpress.com\/?page_id=397"},"modified":"2020-12-27T21:40:45","modified_gmt":"2020-12-27T20:40:45","slug":"imaginative-verfahren","status":"publish","type":"page","link":"https:\/\/praxis-niehaus.de\/?page_id=397","title":{"rendered":"Imaginative Verfahren"},"content":{"rendered":"\n<p>Dies umschreibt Techniken, die die Vorstellungskraft unseres Gehirns (Fantasie) nutzen, um belastende Ereignisse und Stress zu begegnen und das eigene Potential auszusch\u00f6pfen.<\/p>\n\n\n\n<p>Besonders Kinder k\u00f6nnen ihre meist noch ausgepr\u00e4gte Fantasie lernen zu nutzen und haben damit Hilfen, um sich ihren Problemen zu stellen und auch k\u00f6rperliche Prozesse wie Atmung, Herzfrequenz und Blutdruck positiv zu beeinflussen.<\/p>\n","protected":false},"excerpt":{"rendered":"<p>Dies umschreibt Techniken, die die Vorstellungskraft unseres Gehirns (Fantasie) nutzen, um belastende Ereignisse und Stress zu begegnen und das eigene Potential auszusch\u00f6pfen. Besonders Kinder k\u00f6nnen ihre meist noch ausgepr\u00e4gte Fantasie lernen zu nutzen und haben damit Hilfen, um sich ihren Problemen zu stellen und auch k\u00f6rperliche Prozesse wie Atmung, Herzfrequenz und Blutdruck positiv zu beeinflussen.<\/p>\n","protected":false},"author":1,"featured_media":0,"parent":384,"menu_order":0,"comment_status":"closed","ping_status":"closed","template":"","meta":{"footnotes":""},"_links":{"self":[{"href":"https:\/\/praxis-niehaus.de\/index.php?rest_route=\/wp\/v2\/pages\/397"}],"collection":[{"href":"https:\/\/praxis-niehaus.de\/index.php?rest_route=\/wp\/v2\/pages"}],"about":[{"href":"https:\/\/praxis-niehaus.de\/index.php?rest_route=\/wp\/v2\/types\/page"}],"author":[{"embeddable":true,"href":"https:\/\/praxis-niehaus.de\/index.php?rest_route=\/wp\/v2\/users\/1"}],"replies":[{"embeddable":true,"href":"https:\/\/praxis-niehaus.de\/index.php?rest_route=%2Fwp%2Fv2%2Fcomments&post=397"}],"version-history":[{"count":0,"href":"https:\/\/praxis-niehaus.de\/index.php?rest_route=\/wp\/v2\/pages\/397\/revisions"}],"up":[{"embeddable":true,"href":"https:\/\/praxis-niehaus.de\/index.php?rest_route=\/wp\/v2\/pages\/384"}],"wp:attachment":[{"href":"https:\/\/praxis-niehaus.de\/index.php?rest_route=%2Fwp%2Fv2%2Fmedia&parent=397"}],"curies":[{"name":"wp","href":"https:\/\/api.w.org\/{rel}","templated":true}]}}