{"id":391,"date":"2020-12-27T21:37:16","date_gmt":"2020-12-27T20:37:16","guid":{"rendered":"https:\/\/praxisniehaus758606247.wordpress.com\/?page_id=391"},"modified":"2020-12-27T21:37:16","modified_gmt":"2020-12-27T20:37:16","slug":"psychotraumatologie","status":"publish","type":"page","link":"https:\/\/praxis-niehaus.de\/?page_id=391","title":{"rendered":"Psychotraumatologie"},"content":{"rendered":"\n<p>In der Behandlung von Traumata wird Betroffenen \u00fcber kognitive, narrative und imaginative Techniken die M\u00f6glichkeit gegeben, Sicherheit und Stabilit\u00e4t aufzubauen und die traumatisierenden Erfahrungen in gesch\u00fctztem Rahmen zu verarbeiten, damit die Folgen dieser Traumatisierung nicht weiter negativ den Alltag bestimmen und beeinflussen, sondern neue Erfahrungen m\u00f6glich werden.<\/p>\n\n\n\n<p>Ich nutze zudem die Methode EMDR (Informationen \u00fcber EMDR erfahren Sie auf der Homepage www.emdria.de).<\/p>\n","protected":false},"excerpt":{"rendered":"<p>In der Behandlung von Traumata wird Betroffenen \u00fcber kognitive, narrative und imaginative Techniken die M\u00f6glichkeit gegeben, Sicherheit und Stabilit\u00e4t aufzubauen und die traumatisierenden Erfahrungen in gesch\u00fctztem Rahmen zu verarbeiten, damit die Folgen dieser Traumatisierung nicht weiter negativ den Alltag bestimmen und beeinflussen, sondern neue Erfahrungen m\u00f6glich werden. Ich nutze zudem die Methode EMDR (Informationen \u00fcber&hellip;<\/p>\n","protected":false},"author":1,"featured_media":0,"parent":384,"menu_order":0,"comment_status":"closed","ping_status":"closed","template":"","meta":{"footnotes":""},"_links":{"self":[{"href":"https:\/\/praxis-niehaus.de\/index.php?rest_route=\/wp\/v2\/pages\/391"}],"collection":[{"href":"https:\/\/praxis-niehaus.de\/index.php?rest_route=\/wp\/v2\/pages"}],"about":[{"href":"https:\/\/praxis-niehaus.de\/index.php?rest_route=\/wp\/v2\/types\/page"}],"author":[{"embeddable":true,"href":"https:\/\/praxis-niehaus.de\/index.php?rest_route=\/wp\/v2\/users\/1"}],"replies":[{"embeddable":true,"href":"https:\/\/praxis-niehaus.de\/index.php?rest_route=%2Fwp%2Fv2%2Fcomments&post=391"}],"version-history":[{"count":0,"href":"https:\/\/praxis-niehaus.de\/index.php?rest_route=\/wp\/v2\/pages\/391\/revisions"}],"up":[{"embeddable":true,"href":"https:\/\/praxis-niehaus.de\/index.php?rest_route=\/wp\/v2\/pages\/384"}],"wp:attachment":[{"href":"https:\/\/praxis-niehaus.de\/index.php?rest_route=%2Fwp%2Fv2%2Fmedia&parent=391"}],"curies":[{"name":"wp","href":"https:\/\/api.w.org\/{rel}","templated":true}]}}