{"id":387,"date":"2020-12-27T21:31:15","date_gmt":"2020-12-27T20:31:15","guid":{"rendered":"https:\/\/praxisniehaus758606247.wordpress.com\/?page_id=387"},"modified":"2020-12-27T21:31:15","modified_gmt":"2020-12-27T20:31:15","slug":"verhaltenstherapie","status":"publish","type":"page","link":"https:\/\/praxis-niehaus.de\/?page_id=387","title":{"rendered":"Verhaltenstherapie"},"content":{"rendered":"\n<p>Die Verhaltenstherapie gr\u00fcndet auf unseren Lernerfahrungen, die wir st\u00e4ndig machen und die unser Verhalten pr\u00e4gen und ausrichten. Hierbei spielen die kurzfristigen und (eingeschr\u00e4nkt) die langfristigen Konsequenzen eine gro\u00dfe Rolle. Die Menge der Erfahrungen f\u00fchren zu Verhaltensmustern, die zu Problemverhalten f\u00fchren k\u00f6nnen.<\/p>\n\n\n\n<p>Das Zusammenspiel von unseren Gedanken, Gef\u00fchlen und Verhalten ist betonter Schwerpunkt der Therapie. Unsere Gedanken bewerten bestimmte Situationen, f\u00fchren damit zu unterschiedlichen Gef\u00fchlen und unterschiedlichen Reaktionen.&nbsp;<\/p>\n\n\n\n<p>Das therapeutische Vorgehen ist gegenwartsbezogen, einzelfall- und probleml\u00f6sungsorientiert, es werden die individuellen Ressourcen und St\u00e4rken fokussiert und das Verfahren ist transparent.<\/p>\n","protected":false},"excerpt":{"rendered":"<p>Die Verhaltenstherapie gr\u00fcndet auf unseren Lernerfahrungen, die wir st\u00e4ndig machen und die unser Verhalten pr\u00e4gen und ausrichten. Hierbei spielen die kurzfristigen und (eingeschr\u00e4nkt) die langfristigen Konsequenzen eine gro\u00dfe Rolle. Die Menge der Erfahrungen f\u00fchren zu Verhaltensmustern, die zu Problemverhalten f\u00fchren k\u00f6nnen. Das Zusammenspiel von unseren Gedanken, Gef\u00fchlen und Verhalten ist betonter Schwerpunkt der Therapie. Unsere&hellip;<\/p>\n","protected":false},"author":1,"featured_media":0,"parent":384,"menu_order":0,"comment_status":"closed","ping_status":"closed","template":"","meta":{"footnotes":""},"_links":{"self":[{"href":"https:\/\/praxis-niehaus.de\/index.php?rest_route=\/wp\/v2\/pages\/387"}],"collection":[{"href":"https:\/\/praxis-niehaus.de\/index.php?rest_route=\/wp\/v2\/pages"}],"about":[{"href":"https:\/\/praxis-niehaus.de\/index.php?rest_route=\/wp\/v2\/types\/page"}],"author":[{"embeddable":true,"href":"https:\/\/praxis-niehaus.de\/index.php?rest_route=\/wp\/v2\/users\/1"}],"replies":[{"embeddable":true,"href":"https:\/\/praxis-niehaus.de\/index.php?rest_route=%2Fwp%2Fv2%2Fcomments&post=387"}],"version-history":[{"count":0,"href":"https:\/\/praxis-niehaus.de\/index.php?rest_route=\/wp\/v2\/pages\/387\/revisions"}],"up":[{"embeddable":true,"href":"https:\/\/praxis-niehaus.de\/index.php?rest_route=\/wp\/v2\/pages\/384"}],"wp:attachment":[{"href":"https:\/\/praxis-niehaus.de\/index.php?rest_route=%2Fwp%2Fv2%2Fmedia&parent=387"}],"curies":[{"name":"wp","href":"https:\/\/api.w.org\/{rel}","templated":true}]}}