{"id":384,"date":"2020-12-27T21:29:58","date_gmt":"2020-12-27T20:29:58","guid":{"rendered":"https:\/\/praxisniehaus758606247.wordpress.com\/?page_id=384"},"modified":"2020-12-30T00:00:51","modified_gmt":"2020-12-29T23:00:51","slug":"therapie","status":"publish","type":"page","link":"https:\/\/praxis-niehaus.de\/?page_id=384","title":{"rendered":"Therapie"},"content":{"rendered":"\n<p>In der heutigen Zeit gibt es viele unterschiedlichste Bezeichnungen und verschiedene Ans\u00e4tze in der Psychotherapie wie Verhaltenstherapie, Psychoanalyse, tiefenpsychologische Therapie, Gespr\u00e4chspsychotherapie, Systemische Therapie oder Hypnotherapie (um eine Auswahl von seri\u00f6sen Ans\u00e4tzen zu benennen). Hinzu kommen unz\u00e4hlige kleinere therapeutische Verfahren, teils mehr, teils weniger wissenschaftlich fundiert.<\/p>\n\n\n\n<p>Jede Therapie gr\u00fcndet auf einem interaktionellen Prozess zwischen Klient und Therapeut, wozu eine tragf\u00e4hige emotionale Beziehung notwendig ist.<\/p>\n\n\n\n<p>In der Therapieforschung der letzten Jahre hat sich gezeigt, dass die Wirksamkeit der wissenschaftlich fundierten Verfahren dann enorm gesteigert werden kann, wenn sie sinnvoll miteinander kombiniert werden.&nbsp;<\/p>\n\n\n\n<p>Genau das tue ich in meiner Praxis, auch wenn meine Grundausrichtung die Verhaltenstherapie ist.<\/p>\n\n\n\n<p>Ich m\u00f6chte Ihnen hier nun einen kurzen \u00dcberblick \u00fcber die theoretischen Ausrichtungen bieten, mit denen ich arbeite.<\/p>\n\n\n\n<p><\/p>\n\n\n\n<p>Bitte w\u00e4hlen Sie einen Unterpunkt aus:<\/p>\n\n\n\n<h4 class=\"wp-block-heading\"><a href=\"https:\/\/praxis-niehaus.de\/?page_id=387\" data-type=\"page\" data-id=\"387\">Verhaltenstherapie<\/a><\/h4>\n\n\n\n<h4 class=\"wp-block-heading\"><a href=\"https:\/\/praxis-niehaus.de\/?page_id=389\" data-type=\"page\" data-id=\"389\">Spieltherapie<\/a><\/h4>\n\n\n\n<h4 class=\"wp-block-heading\"><a href=\"https:\/\/praxis-niehaus.de\/?page_id=391\" data-type=\"page\" data-id=\"391\">Psychotraumatologie<\/a><\/h4>\n\n\n\n<h4 class=\"wp-block-heading\"><a href=\"https:\/\/praxis-niehaus.de\/?page_id=393\" data-type=\"page\" data-id=\"393\">Schematherapie<\/a><\/h4>\n\n\n\n<h4 class=\"wp-block-heading\"><a href=\"https:\/\/praxis-niehaus.de\/?page_id=395\" data-type=\"page\" data-id=\"395\">Notfallpsychologie<\/a><\/h4>\n\n\n\n<h4 class=\"wp-block-heading\"><a href=\"https:\/\/praxis-niehaus.de\/?page_id=397\" data-type=\"page\" data-id=\"397\">Imaginative Verfahren<\/a><\/h4>\n\n\n\n<h4 class=\"wp-block-heading\"><a href=\"https:\/\/praxis-niehaus.de\/?page_id=399\" data-type=\"page\" data-id=\"399\">Systemische Therapie<\/a><\/h4>\n\n\n\n<h4 class=\"wp-block-heading\"><a href=\"https:\/\/praxis-niehaus.de\/?page_id=402\" data-type=\"page\" data-id=\"402\">Tiergest\u00fctzte Therapie<\/a><\/h4>\n\n\n\n<p><\/p>\n","protected":false},"excerpt":{"rendered":"<p>In der heutigen Zeit gibt es viele unterschiedlichste Bezeichnungen und verschiedene Ans\u00e4tze in der Psychotherapie wie Verhaltenstherapie, Psychoanalyse, tiefenpsychologische Therapie, Gespr\u00e4chspsychotherapie, Systemische Therapie oder Hypnotherapie (um eine Auswahl von seri\u00f6sen Ans\u00e4tzen zu benennen). Hinzu kommen unz\u00e4hlige kleinere therapeutische Verfahren, teils mehr, teils weniger wissenschaftlich fundiert. Jede Therapie gr\u00fcndet auf einem interaktionellen Prozess zwischen Klient und&hellip;<\/p>\n","protected":false},"author":1,"featured_media":0,"parent":99,"menu_order":0,"comment_status":"closed","ping_status":"closed","template":"","meta":{"footnotes":""},"_links":{"self":[{"href":"https:\/\/praxis-niehaus.de\/index.php?rest_route=\/wp\/v2\/pages\/384"}],"collection":[{"href":"https:\/\/praxis-niehaus.de\/index.php?rest_route=\/wp\/v2\/pages"}],"about":[{"href":"https:\/\/praxis-niehaus.de\/index.php?rest_route=\/wp\/v2\/types\/page"}],"author":[{"embeddable":true,"href":"https:\/\/praxis-niehaus.de\/index.php?rest_route=\/wp\/v2\/users\/1"}],"replies":[{"embeddable":true,"href":"https:\/\/praxis-niehaus.de\/index.php?rest_route=%2Fwp%2Fv2%2Fcomments&post=384"}],"version-history":[{"count":1,"href":"https:\/\/praxis-niehaus.de\/index.php?rest_route=\/wp\/v2\/pages\/384\/revisions"}],"predecessor-version":[{"id":496,"href":"https:\/\/praxis-niehaus.de\/index.php?rest_route=\/wp\/v2\/pages\/384\/revisions\/496"}],"up":[{"embeddable":true,"href":"https:\/\/praxis-niehaus.de\/index.php?rest_route=\/wp\/v2\/pages\/99"}],"wp:attachment":[{"href":"https:\/\/praxis-niehaus.de\/index.php?rest_route=%2Fwp%2Fv2%2Fmedia&parent=384"}],"curies":[{"name":"wp","href":"https:\/\/api.w.org\/{rel}","templated":true}]}}