{"id":352,"date":"2020-12-26T23:22:18","date_gmt":"2020-12-26T22:22:18","guid":{"rendered":"https:\/\/praxisniehaus758606247.wordpress.com\/?page_id=352"},"modified":"2022-09-04T11:19:41","modified_gmt":"2022-09-04T09:19:41","slug":"2herzlich-willkommen-bei-franka-niehaus","status":"publish","type":"page","link":"https:\/\/praxis-niehaus.de\/","title":{"rendered":"Herzlich Willkommen bei Franka Niehaus"},"content":{"rendered":"\n<p><\/p>\n\n\n\n<p><\/p>\n\n\n\n<p class=\"has-normal-font-size\"><br>Auf meiner Homepage k\u00f6nnen Sie sich umfassend zu mir, meiner Praxis und Kinder- &amp; Jugendlichen-Psychotherapie informieren.<br><br>Gerne beantworte ich Ihre Fragen rund um eine psychotherapeutische Behandlung in meiner Praxis in einem pers\u00f6nlichen Gespr\u00e4ch &#8211; bitte z\u00f6gern Sie nicht, Kontakt mit mir aufzunehmen.<br><br><\/p>\n\n\n\n<p><\/p>\n\n\n\n<p class=\"has-medium-font-size\">Franka Niehaus<\/p>\n","protected":false},"excerpt":{"rendered":"<p>Auf meiner Homepage k\u00f6nnen Sie sich umfassend zu mir, meiner Praxis und Kinder- &amp; Jugendlichen-Psychotherapie informieren. Gerne beantworte ich Ihre Fragen rund um eine psychotherapeutische Behandlung in meiner Praxis in einem pers\u00f6nlichen Gespr\u00e4ch &#8211; bitte z\u00f6gern Sie nicht, Kontakt mit mir aufzunehmen. Franka Niehaus<\/p>\n","protected":false},"author":1,"featured_media":0,"parent":0,"menu_order":0,"comment_status":"closed","ping_status":"closed","template":"","meta":{"footnotes":""},"_links":{"self":[{"href":"https:\/\/praxis-niehaus.de\/index.php?rest_route=\/wp\/v2\/pages\/352"}],"collection":[{"href":"https:\/\/praxis-niehaus.de\/index.php?rest_route=\/wp\/v2\/pages"}],"about":[{"href":"https:\/\/praxis-niehaus.de\/index.php?rest_route=\/wp\/v2\/types\/page"}],"author":[{"embeddable":true,"href":"https:\/\/praxis-niehaus.de\/index.php?rest_route=\/wp\/v2\/users\/1"}],"replies":[{"embeddable":true,"href":"https:\/\/praxis-niehaus.de\/index.php?rest_route=%2Fwp%2Fv2%2Fcomments&post=352"}],"version-history":[{"count":3,"href":"https:\/\/praxis-niehaus.de\/index.php?rest_route=\/wp\/v2\/pages\/352\/revisions"}],"predecessor-version":[{"id":644,"href":"https:\/\/praxis-niehaus.de\/index.php?rest_route=\/wp\/v2\/pages\/352\/revisions\/644"}],"wp:attachment":[{"href":"https:\/\/praxis-niehaus.de\/index.php?rest_route=%2Fwp%2Fv2%2Fmedia&parent=352"}],"curies":[{"name":"wp","href":"https:\/\/api.w.org\/{rel}","templated":true}]}}