{"id":320,"date":"2020-12-26T22:23:40","date_gmt":"2020-12-26T21:23:40","guid":{"rendered":"https:\/\/praxisniehaus758606247.wordpress.com\/?page_id=320"},"modified":"2020-12-26T22:23:40","modified_gmt":"2020-12-26T21:23:40","slug":"supervision-als-angebot-auserhalb-der-kassenleistung","status":"publish","type":"page","link":"https:\/\/praxis-niehaus.de\/?page_id=320","title":{"rendered":"Supervision (als Angebot au\u00dferhalb der Kassenleistung)"},"content":{"rendered":"\n<p>Sowohl f\u00fcr Einzelpersonen, psychotherapeutische Kollegen und Teams unterschiedlicher Berufsgruppen biete ich Supervision an. Diese Unterst\u00fctzung kann fallbezogen unter verhaltenstherapeutischer Sicht oder unter systemischen Gesichtspunkten erfolgen. Ziele hierbei k\u00f6nnen Verbesserungen der Beziehungsgestaltung, Abgrenzungsm\u00f6glichkeiten, Konfliktkl\u00e4rung sein.<\/p>\n","protected":false},"excerpt":{"rendered":"<p>Sowohl f\u00fcr Einzelpersonen, psychotherapeutische Kollegen und Teams unterschiedlicher Berufsgruppen biete ich Supervision an. Diese Unterst\u00fctzung kann fallbezogen unter verhaltenstherapeutischer Sicht oder unter systemischen Gesichtspunkten erfolgen. Ziele hierbei k\u00f6nnen Verbesserungen der Beziehungsgestaltung, Abgrenzungsm\u00f6glichkeiten, Konfliktkl\u00e4rung sein.<\/p>\n","protected":false},"author":1,"featured_media":0,"parent":79,"menu_order":0,"comment_status":"closed","ping_status":"closed","template":"","meta":{"footnotes":""},"_links":{"self":[{"href":"https:\/\/praxis-niehaus.de\/index.php?rest_route=\/wp\/v2\/pages\/320"}],"collection":[{"href":"https:\/\/praxis-niehaus.de\/index.php?rest_route=\/wp\/v2\/pages"}],"about":[{"href":"https:\/\/praxis-niehaus.de\/index.php?rest_route=\/wp\/v2\/types\/page"}],"author":[{"embeddable":true,"href":"https:\/\/praxis-niehaus.de\/index.php?rest_route=\/wp\/v2\/users\/1"}],"replies":[{"embeddable":true,"href":"https:\/\/praxis-niehaus.de\/index.php?rest_route=%2Fwp%2Fv2%2Fcomments&post=320"}],"version-history":[{"count":0,"href":"https:\/\/praxis-niehaus.de\/index.php?rest_route=\/wp\/v2\/pages\/320\/revisions"}],"up":[{"embeddable":true,"href":"https:\/\/praxis-niehaus.de\/index.php?rest_route=\/wp\/v2\/pages\/79"}],"wp:attachment":[{"href":"https:\/\/praxis-niehaus.de\/index.php?rest_route=%2Fwp%2Fv2%2Fmedia&parent=320"}],"curies":[{"name":"wp","href":"https:\/\/api.w.org\/{rel}","templated":true}]}}