{"id":317,"date":"2020-12-26T22:21:44","date_gmt":"2020-12-26T21:21:44","guid":{"rendered":"https:\/\/praxisniehaus758606247.wordpress.com\/?page_id=317"},"modified":"2020-12-26T22:21:44","modified_gmt":"2020-12-26T21:21:44","slug":"diagnostik-als-angebot-auserhalb-der-kassenleistung","status":"publish","type":"page","link":"https:\/\/praxis-niehaus.de\/?page_id=317","title":{"rendered":"Diagnostik (als Angebot au\u00dferhalb der Kassenleistung)"},"content":{"rendered":"\n<p>Auch ohne psychische Auff\u00e4lligkeiten stellen sich Eltern immer wieder Fragen, wie z.B. zur Schullaufbahn, m\u00f6glicher Hochbegabung oder \u00dcberforderung des Kindes.<br><br>Im Rahmen meiner Praxis biete ich entsprechend spezifische Testdiagnostik zu verschiedenen Fragestellungen an.<\/p>\n","protected":false},"excerpt":{"rendered":"<p>Auch ohne psychische Auff\u00e4lligkeiten stellen sich Eltern immer wieder Fragen, wie z.B. zur Schullaufbahn, m\u00f6glicher Hochbegabung oder \u00dcberforderung des Kindes. Im Rahmen meiner Praxis biete ich entsprechend spezifische Testdiagnostik zu verschiedenen Fragestellungen an.<\/p>\n","protected":false},"author":1,"featured_media":0,"parent":79,"menu_order":0,"comment_status":"closed","ping_status":"closed","template":"","meta":{"footnotes":""},"_links":{"self":[{"href":"https:\/\/praxis-niehaus.de\/index.php?rest_route=\/wp\/v2\/pages\/317"}],"collection":[{"href":"https:\/\/praxis-niehaus.de\/index.php?rest_route=\/wp\/v2\/pages"}],"about":[{"href":"https:\/\/praxis-niehaus.de\/index.php?rest_route=\/wp\/v2\/types\/page"}],"author":[{"embeddable":true,"href":"https:\/\/praxis-niehaus.de\/index.php?rest_route=\/wp\/v2\/users\/1"}],"replies":[{"embeddable":true,"href":"https:\/\/praxis-niehaus.de\/index.php?rest_route=%2Fwp%2Fv2%2Fcomments&post=317"}],"version-history":[{"count":0,"href":"https:\/\/praxis-niehaus.de\/index.php?rest_route=\/wp\/v2\/pages\/317\/revisions"}],"up":[{"embeddable":true,"href":"https:\/\/praxis-niehaus.de\/index.php?rest_route=\/wp\/v2\/pages\/79"}],"wp:attachment":[{"href":"https:\/\/praxis-niehaus.de\/index.php?rest_route=%2Fwp%2Fv2%2Fmedia&parent=317"}],"curies":[{"name":"wp","href":"https:\/\/api.w.org\/{rel}","templated":true}]}}