{"id":312,"date":"2020-12-26T22:17:34","date_gmt":"2020-12-26T21:17:34","guid":{"rendered":"https:\/\/praxisniehaus758606247.wordpress.com\/?page_id=312"},"modified":"2020-12-26T22:17:34","modified_gmt":"2020-12-26T21:17:34","slug":"elternberatung-als-angebot-auserhalb-der-kassenleistung","status":"publish","type":"page","link":"https:\/\/praxis-niehaus.de\/?page_id=312","title":{"rendered":"Elternberatung (als Angebot au\u00dferhalb der Kassenleistung)"},"content":{"rendered":"\n<p>Unabh\u00e4ngig von einer psychischen St\u00f6rung beim Kind haben Eltern h\u00e4ufig psychologische oder p\u00e4dagogische Fragen, die die Erziehung und die Familie betreffen, wie der Umgang bei Trennung\/Scheidung, (chronische) Erkrankung eines Familienmitglieds, Geburt eines Geschwisterkindes, der Umgang mit kindlichem Trotz, der Umgang mit st\u00e4ndigem St\u00f6ren, L\u00fcgen, Stehlen\u2026<br><br>Im Rahmen meiner Praxis biete ich unter besonderen Umst\u00e4nden au\u00dferhalb einer Psychotherapie Eltern- und Erziehungsberatung, Elterntraining sowie Kommunikationstraining, Probleml\u00f6setraining, Stressbew\u00e4ltigungstraining an.<\/p>\n","protected":false},"excerpt":{"rendered":"<p>Unabh\u00e4ngig von einer psychischen St\u00f6rung beim Kind haben Eltern h\u00e4ufig psychologische oder p\u00e4dagogische Fragen, die die Erziehung und die Familie betreffen, wie der Umgang bei Trennung\/Scheidung, (chronische) Erkrankung eines Familienmitglieds, Geburt eines Geschwisterkindes, der Umgang mit kindlichem Trotz, der Umgang mit st\u00e4ndigem St\u00f6ren, L\u00fcgen, Stehlen\u2026 Im Rahmen meiner Praxis biete ich unter besonderen Umst\u00e4nden au\u00dferhalb&hellip;<\/p>\n","protected":false},"author":1,"featured_media":0,"parent":79,"menu_order":0,"comment_status":"closed","ping_status":"closed","template":"","meta":{"footnotes":""},"_links":{"self":[{"href":"https:\/\/praxis-niehaus.de\/index.php?rest_route=\/wp\/v2\/pages\/312"}],"collection":[{"href":"https:\/\/praxis-niehaus.de\/index.php?rest_route=\/wp\/v2\/pages"}],"about":[{"href":"https:\/\/praxis-niehaus.de\/index.php?rest_route=\/wp\/v2\/types\/page"}],"author":[{"embeddable":true,"href":"https:\/\/praxis-niehaus.de\/index.php?rest_route=\/wp\/v2\/users\/1"}],"replies":[{"embeddable":true,"href":"https:\/\/praxis-niehaus.de\/index.php?rest_route=%2Fwp%2Fv2%2Fcomments&post=312"}],"version-history":[{"count":0,"href":"https:\/\/praxis-niehaus.de\/index.php?rest_route=\/wp\/v2\/pages\/312\/revisions"}],"up":[{"embeddable":true,"href":"https:\/\/praxis-niehaus.de\/index.php?rest_route=\/wp\/v2\/pages\/79"}],"wp:attachment":[{"href":"https:\/\/praxis-niehaus.de\/index.php?rest_route=%2Fwp%2Fv2%2Fmedia&parent=312"}],"curies":[{"name":"wp","href":"https:\/\/api.w.org\/{rel}","templated":true}]}}