{"id":263,"date":"2020-12-25T21:09:11","date_gmt":"2020-12-25T20:09:11","guid":{"rendered":"https:\/\/praxisniehaus758606247.wordpress.com\/?page_id=263"},"modified":"2023-07-24T11:38:42","modified_gmt":"2023-07-24T09:38:42","slug":"zu-meiner-person2","status":"publish","type":"page","link":"https:\/\/praxis-niehaus.de\/?page_id=263","title":{"rendered":"Zu meiner Person"},"content":{"rendered":"\n<p><strong>DIPL.-PSYCHOLOGIN FRANKA NIEHAUS<\/strong><br><strong>KINDER- UND JUGENDLICHEN-PSYCHOTHERAPEUTIN&nbsp;<\/strong><\/p>\n\n\n\n<p><\/p>\n\n\n\n<p><strong>AUSBILDUNG<\/strong><\/p>\n\n\n\n<p>1994 &#8211; 1995<br>Grundstudium der P\u00e4dagogik an der Bergischen Universit\u00e4t \/ Gesamthochschule Wuppertal<\/p>\n\n\n\n<p>1995 &#8211; 1999<br>Studium der Psychologie an der Rhein. Friedrich-Wilhelms-Universit\u00e4t Bonn<\/p>\n\n\n\n<p>2000<br>Diplom der Psychologie<\/p>\n\n\n\n<p>2000 &#8211; 2005<br>Dipl.-Psychologin im Grafschafter Klinikum Nordhorn (Kinder- &amp; Jugendpsychosomatischen Station)<\/p>\n\n\n\n<p>2001 &#8211; 2004<br>Ausbildung zur Kinder- &amp; Jugendlichen-Psychotherapeutin, Schwerpunkt Verhaltenstherapie (AKJP Osnabr\u00fcck)<\/p>\n\n\n\n<p>2004<br>Approbation als Kinder- &amp; Jugendlichen-Psychotherapeutin (Fachkunde: Verhaltenstherapie, Landespr\u00fcfungsamt Hannover, Niedersachsen)<\/p>\n\n\n\n<p>Eintragung in das Arztregister Nordrhein am 25.11.2004 als Kinder- &amp; Jugendlichen-Psychotherapeutin (Nr. 80892)<\/p>\n\n\n\n<p>2005<br>Niederlassung in eigener Praxis mit Kassensitz in D\u00fcsseldorf<br>(BSNR: 24 69 888 00, LANR: 755 17 88 69)<\/p>\n\n\n\n<p><br><strong>WEITERBILDUNGEN<\/strong><\/p>\n\n\n\n<p>Weiterbildung in Spezieller Psychotraumatologie (Institut f\u00fcr Angewandte Psychologie und Verhaltensmedizin APV M\u00fcnster) in den Jahren 2007\/2008&nbsp;<\/p>\n\n\n\n<p>Weiterbildung in systemischer Therapie f\u00fcr Verhaltenstherapeuten (Institut f\u00fcr Familientherapie Weinheim) in den Jahren 2009\/2010<\/p>\n\n\n\n<p>Weiterbildung in Schematherapie (Institut f\u00fcr Angewandte Psychologie und Verhaltensmedizin APV M\u00fcnster) in den Jahren 2011\/2012<\/p>\n\n\n\n<p>Weiterbildung in EMDR (EMDR-Institut Deutschland) &amp; EMDR bei Kindern und Jugendlichen (ITPP Oldenburg) im Jahr 2013<\/p>\n\n\n\n<p>Weiterbildung in TF-KVT und TF-KVT mit minderj\u00e4hrigen unbegleiteten Fl\u00fcchtlingen (KU Eichst\u00e4tt-Ingolstadt) in den Jahren 2022\/2023<\/p>\n\n\n\n<p>Weiterbildung in DBT-PTBS (AWP Freiburg bei Prof. Dr. M. Bohus) im Jahr 2023<\/p>\n\n\n\n<p><br><strong>MITGLIED<\/strong><\/p>\n\n\n\n<p>Psychotherapeutenkammer Nordrhein<br>Berufsverband Deutscher Psychologen (BDP)<\/p>\n","protected":false},"excerpt":{"rendered":"<p>DIPL.-PSYCHOLOGIN FRANKA NIEHAUSKINDER- UND JUGENDLICHEN-PSYCHOTHERAPEUTIN&nbsp; AUSBILDUNG 1994 &#8211; 1995Grundstudium der P\u00e4dagogik an der Bergischen Universit\u00e4t \/ Gesamthochschule Wuppertal 1995 &#8211; 1999Studium der Psychologie an der Rhein. Friedrich-Wilhelms-Universit\u00e4t Bonn 2000Diplom der Psychologie 2000 &#8211; 2005Dipl.-Psychologin im Grafschafter Klinikum Nordhorn (Kinder- &amp; Jugendpsychosomatischen Station) 2001 &#8211; 2004Ausbildung zur Kinder- &amp; Jugendlichen-Psychotherapeutin, Schwerpunkt Verhaltenstherapie (AKJP Osnabr\u00fcck) 2004Approbation als&hellip;<\/p>\n","protected":false},"author":1,"featured_media":0,"parent":0,"menu_order":0,"comment_status":"closed","ping_status":"closed","template":"","meta":{"footnotes":""},"_links":{"self":[{"href":"https:\/\/praxis-niehaus.de\/index.php?rest_route=\/wp\/v2\/pages\/263"}],"collection":[{"href":"https:\/\/praxis-niehaus.de\/index.php?rest_route=\/wp\/v2\/pages"}],"about":[{"href":"https:\/\/praxis-niehaus.de\/index.php?rest_route=\/wp\/v2\/types\/page"}],"author":[{"embeddable":true,"href":"https:\/\/praxis-niehaus.de\/index.php?rest_route=\/wp\/v2\/users\/1"}],"replies":[{"embeddable":true,"href":"https:\/\/praxis-niehaus.de\/index.php?rest_route=%2Fwp%2Fv2%2Fcomments&post=263"}],"version-history":[{"count":1,"href":"https:\/\/praxis-niehaus.de\/index.php?rest_route=\/wp\/v2\/pages\/263\/revisions"}],"predecessor-version":[{"id":652,"href":"https:\/\/praxis-niehaus.de\/index.php?rest_route=\/wp\/v2\/pages\/263\/revisions\/652"}],"wp:attachment":[{"href":"https:\/\/praxis-niehaus.de\/index.php?rest_route=%2Fwp%2Fv2%2Fmedia&parent=263"}],"curies":[{"name":"wp","href":"https:\/\/api.w.org\/{rel}","templated":true}]}}